{"id":3676,"date":"2023-01-27T10:38:37","date_gmt":"2023-01-27T09:38:37","guid":{"rendered":"https:\/\/www.autoturistica.com\/fr\/?page_id=3676"},"modified":"2024-11-25T10:07:14","modified_gmt":"2024-11-25T09:07:14","slug":"terminos-y-condiciones","status":"publish","type":"page","link":"https:\/\/www.autoturistica.com\/fr\/terminos-y-condiciones\/","title":{"rendered":"T\u00e9rminos y Condiciones"},"content":{"rendered":"\t\t<div data-elementor-type=\"wp-page\" data-elementor-id=\"3676\" class=\"elementor elementor-3676\" data-elementor-post-type=\"page\">\n\t\t\t\t\t\t<section class=\"elementor-section elementor-top-section elementor-element elementor-element-40732f8 elementor-section-boxed elementor-section-height-default elementor-section-height-default\" data-id=\"40732f8\" data-element_type=\"section\">\n\t\t\t\t\t\t<div class=\"elementor-container elementor-column-gap-default\">\n\t\t\t\t\t<div class=\"elementor-column elementor-col-100 elementor-top-column elementor-element elementor-element-2980766\" data-id=\"2980766\" data-element_type=\"column\">\n\t\t\t<div class=\"elementor-widget-wrap elementor-element-populated\">\n\t\t\t\t\t\t<div class=\"elementor-element elementor-element-0f7f36e elementor-widget elementor-widget-text-editor\" data-id=\"0f7f36e\" data-element_type=\"widget\" data-widget_type=\"text-editor.default\">\n\t\t\t\t<div class=\"elementor-widget-container\">\n\t\t\t\t\t\t\t\t\t<b>Conditions g\u00e9n\u00e9rales d&rsquo;utilisation d&rsquo;Auto Turistica Ib\u00e9rica S.L.<\/b>\n<\/br>\nLes pr\u00e9sentes Conditions g\u00e9n\u00e9rales d&rsquo;utilisation (ci-apr\u00e8s, \u00ab\u00a0Conditions g\u00e9n\u00e9rales\u00a0\u00bb) \u00e9tablissent les conditions dans lesquelles les utilisateurs se voient proposer l&rsquo;acc\u00e8s aux sites Web, services et applications d&rsquo;Auto Turistica Ib\u00e9rica S.L. (ci-apr\u00e8s, \u00ab le Service \u00bb), qui est une plateforme qui permet aux utilisateurs de r\u00e9server un v\u00e9hicule aupr\u00e8s de nos fournisseurs, ainsi que la communication entre les utilisateurs soumissionnaires et les utilisateurs int\u00e9ress\u00e9s par la location des produits propos\u00e9s, pour finaliser la transaction.\n<\/br>\nL&rsquo;utilisation du Service attribue \u00e0 la personne qui l&rsquo;utilise la qualit\u00e9 d&rsquo;utilisateur de celui-ci (ci-apr\u00e8s, \u00ab l&rsquo;Utilisateur \u00bb) et implique l&rsquo;acceptation pleine et enti\u00e8re des pr\u00e9sentes Conditions G\u00e9n\u00e9rales. Si vous n&rsquo;\u00eates pas d&rsquo;accord avec tout ou partie des pr\u00e9sentes Conditions G\u00e9n\u00e9rales, l&rsquo;Utilisateur doit s&rsquo;abstenir d&rsquo;installer ou d&rsquo;utiliser le Service.\n<\/br>\nEn acceptant les pr\u00e9sentes Conditions G\u00e9n\u00e9rales, l&rsquo;Utilisateur d\u00e9clare :\n<\/br>\nQue vous avez lu, compris et compris ce qui est indiqu\u00e9 ici.\n\nCela suppose toutes les obligations \u00e9nonc\u00e9es aux pr\u00e9sentes.\n<\/br>\nQue vous \u00eates majeur et disposez de la capacit\u00e9 juridique suffisante pour utiliser le Service.\n<\/br>\nL&rsquo;acceptation des pr\u00e9sentes Conditions G\u00e9n\u00e9rales par les Utilisateurs constitue une \u00e9tape pr\u00e9alable et indispensable \u00e0 l&rsquo;utilisation du Service. Auto Turistica Ib\u00e9rica S.L. se r\u00e9serve le droit de mettre \u00e0 jour et\/ou de modifier les Conditions g\u00e9n\u00e9rales \u00e0 tout moment et pour quelque raison que ce soit, \u00e0 sa seule discr\u00e9tion. Auto Turistica Ib\u00e9rica S.L. vous informera de toute modification importante des Conditions g\u00e9n\u00e9rales ou de tout Service ou autre fonctionnalit\u00e9 des Services. En acc\u00e9dant ou en utilisant les Services apr\u00e8s Auto Turistica Ib\u00e9rica S.L. a inform\u00e9 l&rsquo;Utilisateur d&rsquo;une modification ou d&rsquo;une mise \u00e0 jour, l&rsquo;Utilisateur accepte d&rsquo;\u00eatre li\u00e9 par les Conditions G\u00e9n\u00e9rales modifi\u00e9es. Si les Conditions G\u00e9n\u00e9rales modifi\u00e9es ne sont pas acceptables pour l&rsquo;Utilisateur, sa seule option est de cesser d&rsquo;utiliser les Services.\n<ol style=\"marge-haut\u00a0: 0\u00a0cm\u00a0;\" start=\"1\" type=\"1\">\n  <li><b>Propri\u00e9taire du service<\/b><\/li>\n<\/ol>\nLe propri\u00e9taire et propri\u00e9taire du Service est Auto Turistica Ib\u00e9rica S.L. S.L. (ci-apr\u00e8s, \u00ab Auto Turistica Ib\u00e9rica S.L. \u00bb), dont l&rsquo;adresse est Calle Lola Flores 16, 28022 Madrid (Espagne), munie du N.I.F. B-78843281, constitu\u00e9e le 10 juin 1988 devant le notaire M. Manuel Ramos Armero et inscrite au Registre du Commerce de Madrid, Volume 8705, Folio 125, Feuille 71384-3, Inscription 1.\n<ol style=\"marge-haut\u00a0: 0\u00a0cm\u00a0;\" start=\"2\" type=\"1\">\n  <li><b>Inscription n\u00e9cessaire<\/b><\/li>\n<\/ol>\nPour utiliser le Service, l&rsquo;inscription pr\u00e9alable de l&rsquo;Utilisateur, l&rsquo;acceptation des pr\u00e9sentes Conditions G\u00e9n\u00e9rales et de la Politique de Confidentialit\u00e9 et Cookies sont n\u00e9cessaires.\n<\/br>\nLes donn\u00e9es saisies par l&rsquo;Utilisateur doivent \u00eatre exactes, actuelles et v\u00e9ridiques. L&rsquo;Utilisateur enregistr\u00e9 sera responsable \u00e0 tout moment de la garde de son mot de passe, assumant par cons\u00e9quent tous les dommages pouvant r\u00e9sulter de son utilisation inappropri\u00e9e, ainsi que de son transfert, divulgation ou perte, et devra en informer imm\u00e9diatement Auto Turistica Ib\u00e9rica. S.L. dans le cas o\u00f9 vous avez des raisons de croire que votre mot de passe a \u00e9t\u00e9 ou est susceptible d&rsquo;\u00eatre utilis\u00e9 de mani\u00e8re non autoris\u00e9e. En tout \u00e9tat de cause, il est consid\u00e9r\u00e9 que l&rsquo;Utilisateur est responsable de l&rsquo;acc\u00e8s et\/ou de l&rsquo;utilisation du Service en relation avec son compte, qui sera dans tous les cas responsable dudit acc\u00e8s et\/ou utilisation.\n<\/br>\nEn acceptant les Conditions G\u00e9n\u00e9rales, l&rsquo;Utilisateur consent \u00e0 ce que ses donn\u00e9es soient int\u00e9gr\u00e9es au fichier d&rsquo;Auto Turistica Ib\u00e9rica S.L. et le traitement de ces donn\u00e9es sera conforme aux dispositions de la <a href=\"https:\/\/www.autoturistica.com\/fr\/privacidad\" target=\"_blank\" rel=\"noopener\">Politique de confidentialit\u00e9<\/a > .\n<ol style=\"marge-haut\u00a0: 0\u00a0cm\u00a0;\" start=\"3\" type=\"1\">\n  <li><b>R\u00e8gles d&rsquo;utilisation du service<\/b><\/li>\n<\/ol>\nL&rsquo;Utilisateur s&rsquo;engage \u00e0 utiliser le Service conform\u00e9ment \u00e0 la loi, aux bonnes m\u0153urs, \u00e0 l&rsquo;ordre public et aux pr\u00e9sentes Conditions G\u00e9n\u00e9rales. De m\u00eame, vous \u00eates tenu de faire un usage appropri\u00e9 du Service et de ne pas l&rsquo;utiliser pour mener des activit\u00e9s ill\u00e9gales ou constitutives d&rsquo;un d\u00e9lit, qui violent les droits de tiers ou qui violent toute r\u00e8gle du syst\u00e8me juridique.\n<\/br>\nL&rsquo;Utilisateur s&rsquo;engage \u00e0 ne pas transmettre, introduire, diffuser et\/ou mettre \u00e0 disposition de tiers tout type de mat\u00e9riel et d&rsquo;informations (produits, objets, donn\u00e9es, contenus, messages, dessins, fichiers sons et images, photographies, logiciels, etc.). qui sont contraires \u00e0 la loi, aux bonnes m\u0153urs, \u00e0 l&rsquo;ordre public et aux pr\u00e9sentes Conditions G\u00e9n\u00e9rales. A titre d&rsquo;exemple et nullement limitatif ou exclusif, l&rsquo;Utilisateur s&rsquo;engage \u00e0 :\n<ol style=\"marge-haut\u00a0: 0\u00a0cm\u00a0;\" start=\"1\" type=\"1\">\n  <li>Ne pas introduire ni diffuser de contenu ou de propagande \u00e0 caract\u00e8re raciste, x\u00e9nophobe, pornographique, soutenant le terrorisme, les conflits arm\u00e9s, l&rsquo;incitation \u00e0 la haine<i><\/i>ou violant les droits humains.<\/li>\n<li>Non\t\t\t\t\t\t\t\t<\/div>\n\t\t\t\t<\/div>\n\t\t\t\t\t<\/div>\n\t\t<\/div>\n\t\t\t\t\t<\/div>\n\t\t<\/section>\n\t\t\t\t<\/div>\n\t\t","protected":false},"excerpt":{"rendered":"<p>Conditions g\u00e9n\u00e9rales d&rsquo;utilisation d&rsquo;Auto Turistica Ib\u00e9rica S.L. Les pr\u00e9sentes Conditions g\u00e9n\u00e9rales d&rsquo;utilisation (ci-apr\u00e8s, \u00ab\u00a0Conditions g\u00e9n\u00e9rales\u00a0\u00bb) \u00e9tablissent les conditions dans lesquelles&hellip;<\/p>\n","protected":false},"author":4,"featured_media":0,"parent":0,"menu_order":0,"comment_status":"closed","ping_status":"closed","template":"","meta":{"_acf_changed":false,"om_disable_all_campaigns":false,"footnotes":""},"class_list":["post-3676","page","type-page","status-publish","hentry"],"acf":[],"aioseo_notices":[],"_links":{"self":[{"href":"https:\/\/www.autoturistica.com\/fr\/wp-json\/wp\/v2\/pages\/3676","targetHints":{"allow":["GET"]}}],"collection":[{"href":"https:\/\/www.autoturistica.com\/fr\/wp-json\/wp\/v2\/pages"}],"about":[{"href":"https:\/\/www.autoturistica.com\/fr\/wp-json\/wp\/v2\/types\/page"}],"author":[{"embeddable":true,"href":"https:\/\/www.autoturistica.com\/fr\/wp-json\/wp\/v2\/users\/4"}],"replies":[{"embeddable":true,"href":"https:\/\/www.autoturistica.com\/fr\/wp-json\/wp\/v2\/comments?post=3676"}],"version-history":[{"count":13,"href":"https:\/\/www.autoturistica.com\/fr\/wp-json\/wp\/v2\/pages\/3676\/revisions"}],"predecessor-version":[{"id":6848,"href":"https:\/\/www.autoturistica.com\/fr\/wp-json\/wp\/v2\/pages\/3676\/revisions\/6848"}],"wp:attachment":[{"href":"https:\/\/www.autoturistica.com\/fr\/wp-json\/wp\/v2\/media?parent=3676"}],"curies":[{"name":"wp","href":"https:\/\/api.w.org\/{rel}","templated":true}]}}