{"id":3683,"date":"2023-01-27T10:44:39","date_gmt":"2023-01-27T09:44:39","guid":{"rendered":"https:\/\/www.autoturistica.com\/gb\/?page_id=3683"},"modified":"2024-11-25T12:25:56","modified_gmt":"2024-11-25T12:25:56","slug":"privacy","status":"publish","type":"page","link":"https:\/\/www.autoturistica.com\/gb\/privacy\/","title":{"rendered":"Privacy"},"content":{"rendered":"\t\t<div data-elementor-type=\"wp-page\" data-elementor-id=\"3683\" class=\"elementor elementor-3683\" data-elementor-post-type=\"page\">\n\t\t\t\t\t\t<section class=\"elementor-section elementor-top-section elementor-element elementor-element-8892bd8 elementor-section-boxed elementor-section-height-default elementor-section-height-default\" data-id=\"8892bd8\" data-element_type=\"section\">\n\t\t\t\t\t\t<div class=\"elementor-container elementor-column-gap-default\">\n\t\t\t\t\t<div class=\"elementor-column elementor-col-100 elementor-top-column elementor-element elementor-element-9994978\" data-id=\"9994978\" data-element_type=\"column\">\n\t\t\t<div class=\"elementor-widget-wrap elementor-element-populated\">\n\t\t\t\t\t\t<div class=\"elementor-element elementor-element-07dee95 elementor-widget elementor-widget-text-editor\" data-id=\"07dee95\" data-element_type=\"widget\" data-widget_type=\"text-editor.default\">\n\t\t\t\t<div class=\"elementor-widget-container\">\n\t\t\t\t\t\t\t\t\t<p class=\"MsoNormal\">POL\u00cdTICA DE PRIVACIDAD DE AUTO TURISTICA IB\u00c9RICA S.L.<o:p><\/o:p><\/p><p class=\"MsoNormal\">Es compromiso de Auto Turistica Ib\u00e9rica S.L. el respeto de\nla privacidad de los usuarios y la protecci\u00f3n y seguridad de tus datos\npersonales. Por ello, para nosotros es muy importante informarte sobre la forma\nen que recabamos, tratamos y protegemos los datos de car\u00e1cter personal que nos\nson facilitados a trav\u00e9s de nuestra p\u00e1gina web, redes sociales y\naplicaci\u00f3n.&nbsp; <o:p><\/o:p><\/p><p class=\"MsoNormal\"><o:p>&nbsp;<\/o:p><\/p><p class=\"MsoNormal\">La utilizaci\u00f3n de la p\u00e1gina web de Auto Turistica Ib\u00e9rica\nS.L. as\u00ed como de su aplicaci\u00f3n no est\u00e1 dirigida a menores de 18 a\u00f1os y, por\nconsiguiente, \u00e9stos deber\u00e1n abstenerse de facilitar cualquier informaci\u00f3n de\ncar\u00e1cter personal. En este sentido, Auto Turistica Ib\u00e9rica S.L. recomienda la\nutilizaci\u00f3n de su p\u00e1gina web y de su aplicaci\u00f3n a personas mayores de 18\na\u00f1os.&nbsp; Para ello, Auto Turistica Ib\u00e9rica S.L.\nse reserva el derecho a comprobar en cualquier momento la edad de los usuarios\nde su p\u00e1gina web y de su aplicaci\u00f3n. <o:p><\/o:p><\/p><p class=\"MsoNormal\"><o:p>&nbsp;<\/o:p><\/p><p class=\"MsoNormal\">Las enmiendas espec\u00edficas locales a las que se hace\nreferencia a continuaci\u00f3n tambi\u00e9n se aplican a los consumidores de esos\nterritorios y, en algunos casos, pueden establecer normas diferentes debido a\nlas leyes, normas y reglamentos locales aplicables. De ser as\u00ed, la enmienda\nespec\u00edfica local regir\u00e1 en caso de conflicto <o:p><\/o:p><\/p><p class=\"MsoNormal\"><o:p>&nbsp;<\/o:p><\/p><p class=\"MsoNormal\">\u00bfQui\u00e9n es el responsable en el tratamiento de datos\npersonales?<o:p><\/o:p><\/p><p class=\"MsoNormal\">El tratamiento de los datos es llevado a cabo por y en\nnombre de Auto Turistica Ib\u00e9rica S.L., S.L. (en adelante, \u201cAuto Turistica\nIb\u00e9rica S.L.\u201d), que recopil\u00f3 tus datos, con domicilio en Calle Lola Flores 16,\n28022 Madrid (Espa\u00f1a), provista de NIF B-78843281. <o:p><\/o:p><\/p><p class=\"MsoNormal\"><o:p>&nbsp;<\/o:p><\/p><p class=\"MsoNormal\">Si deseas ponerte en contacto con nosotros para resolver\ncualquier duda, por favor escribe un email a info@AutoTuristica.com. <o:p><\/o:p><\/p><p class=\"MsoNormal\"><o:p>&nbsp;<\/o:p><\/p><p class=\"MsoNormal\">Te informamos que cuando a trav\u00e9s de nuestra p\u00e1gina web o de\nnuestra aplicaci\u00f3n realices alg\u00fan comentario en redes sociales, el responsable\nde los datos que facilites a trav\u00e9s de las mismas ser\u00e1 la red social\ncorrespondiente y no Auto Turistica Ib\u00e9rica S.L., debiendo dirigirte a dicha\nred social para ejercer, en su caso, tus derechos de protecci\u00f3n de datos que\npuedes consultar en el apartado \u201cConoce tus derechos de protecci\u00f3n de datos\u201d de\nla presente pol\u00edtica de privacidad.<o:p><\/o:p><\/p><p class=\"MsoNormal\"><o:p>&nbsp;<\/o:p><\/p><p class=\"MsoNormal\">&nbsp;<o:p><\/o:p><\/p><p class=\"MsoNormal\"><o:p>&nbsp;<\/o:p><\/p><p class=\"MsoNormal\">\u00bfCu\u00e1ndo y c\u00f3mo recabamos tus datos personales?<o:p><\/o:p><\/p><p class=\"MsoNormal\">Auto Turistica Ib\u00e9rica S.L. recaba y trata datos de car\u00e1cter\npersonal tanto de usuarios que se hayan registrado en nuestra p\u00e1gina web o en\nnuestra aplicaci\u00f3n, como de usuarios que, no habi\u00e9ndose registrado, naveguen en\nellas o las consulten.<o:p><\/o:p><\/p><p class=\"MsoNormal\"><o:p>&nbsp;<\/o:p><\/p><p class=\"MsoNormal\">De esta manera, Auto Turistica Ib\u00e9rica S.L. obtiene y\nutiliza los datos de la IP y dem\u00e1s identificadores proporcionados por el\ndispositivo desde el que navegues por nuestra p\u00e1gina web o por nuestra\naplicaci\u00f3n, a la vez que recaba los datos que proporcionas en el momento de\nregistrarte como \u00abUsuario\u00bb de Auto Turistica Ib\u00e9rica S.L., as\u00ed como aquellos\ndatos obtenidos como consecuencia de tu navegaci\u00f3n, solicitudes, publicaciones,\nconversaciones, b\u00fasquedas, compras, valoraciones de otros usuarios,\nparticipaci\u00f3n en concursos y los datos derivados, en su caso, de la vinculaci\u00f3n\nde tu registro en nuestra p\u00e1gina web o en nuestra aplicaci\u00f3n con tu cuenta en\nFacebook o Google.<o:p><\/o:p><\/p><p class=\"MsoNormal\"><o:p>&nbsp;<\/o:p><\/p><p class=\"MsoNormal\"><o:p>&nbsp;<\/o:p><\/p><p class=\"MsoNormal\">\u00bfQu\u00e9 tipo de datos personales recabamos?<o:p><\/o:p><\/p><p class=\"MsoNormal\">Las categor\u00edas de datos que recogemos dependen de tu\nactividad e interacci\u00f3n con Auto Turistica Ib\u00e9rica S.L. a trav\u00e9s de p\u00e1gina web,\naplicaci\u00f3n y redes sociales. Asimismo, Auto Turistica Ib\u00e9rica S.L. solamente\nrecabar\u00e1 datos personales que sean necesarios para las finalidades que llevamos\na cabo. Los siguientes datos pueden ser recogidos: <o:p><\/o:p><\/p><p class=\"MsoNormal\"><o:p>&nbsp;<\/o:p><\/p><p class=\"MsoNormal\">Categor\u00edas de datos: Datos b\u00e1sicos<o:p><\/o:p><\/p><p class=\"MsoNormal\">Datos recogidos: Nombre y apellidos, correo electr\u00f3nico,\nn\u00famero de tel\u00e9fono, contrase\u00f1a. <o:p><\/o:p><\/p><p class=\"MsoNormal\">&nbsp;<o:p><\/o:p><\/p><p class=\"MsoNormal\">Categor\u00edas de datos: Datos de registro (Informaci\u00f3n\nrecopilada cuando utilizas la p\u00e1gina web y la aplicaci\u00f3n de Auto Turistica\nIb\u00e9rica S.L. con fines exclusivamente informativos \u2013 Informaci\u00f3n relativa a tu\nuso del sitio web)<o:p><\/o:p><\/p><p class=\"MsoNormal\">Datos recogidos: En consonancia con la elecci\u00f3n de cookies\nproporcionada (siempre y cuando sea aplicable), cuando utilizas nuestra\nplataforma \u00fanicamente con fines informativos (por ejemplo, no te registras en\nla plataforma, no compras a trav\u00e9s de ella ni env\u00edas tus datos de otro modo),\ntu navegador de Internet recopila autom\u00e1ticamente, y nos transfiere, cierta\ninformaci\u00f3n b\u00e1sica relacionada con tu uso de la plataforma. Dichos datos de\nregistro pueden incluir el tipo y la versi\u00f3n de tu navegador, tu sistema operativo\ne interfaz, el dispositivo utilizado, la preferencia de idioma, el sitio web\ndesde el que nos visitas (URL de referencia), la(s) p\u00e1gina(s) que visitas en\nnuestras plataformas, la fecha y la hora de tu visita, parte de tu direcci\u00f3n de\nprotocolo de Internet (IP), tus acciones realizadas en las plataformas y el\nnombre de tu proveedor de acceso. <o:p><\/o:p><\/p><p class=\"MsoNormal\">Asimismo, te informamos que determinadas funcionalidades de\nnuestra p\u00e1gina web as\u00ed como de nuestra aplicaci\u00f3n utilizan la navegaci\u00f3n\nconsiderando tu ubicaci\u00f3n para poder proporcionarte la informaci\u00f3n m\u00e1s\nrelevante en cada caso, as\u00ed como para ofrecerte ciertos servicios. Aunque la\nnavegaci\u00f3n considerando que la ubicaci\u00f3n del GPS de tu dispositivo es siempre\nuna elecci\u00f3n del usuario, en los casos en los que rechaces la p\u00e1gina web y\/o la\naplicaci\u00f3n de Auto Turistica Ib\u00e9rica S.L. no podr\u00e1n ofrecerte las\nfuncionalidades o proporcionarte los contenidos basados en dicha\nubicaci\u00f3n.&nbsp; <o:p><\/o:p><\/p><p class=\"MsoNormal\">&nbsp;<o:p><\/o:p><\/p><p class=\"MsoNormal\"><o:p>&nbsp;<\/o:p><\/p><p class=\"MsoNormal\">Categor\u00edas de datos: Datos de las redes sociales\n(Informaci\u00f3n recopilada cuando utilizas las redes sociales de Auto Turistica\nIb\u00e9rica S.L. con fines exclusivamente informativos \u2013 Informaci\u00f3n procesada por\nproveedores externos de redes sociales)<o:p><\/o:p><\/p><p class=\"MsoNormal\">Datos recogidos: El mero uso de nuestras plataformas no\nsuele implicar actividades de tratamiento de datos (incluidas las\ntransferencias de datos) en relaci\u00f3n con plataformas de medios y\/o redes\nsociales de terceros (como Facebook e Instagram, \u00abPlataformas Externas\u00ab). Sin\nembargo, si aceptas la cookie de orientaci\u00f3n proporcionada (si y cuando sea aplicable)\no si utilizas los botones de compartir que te permiten compartir el contenido\nde Auto Turistica Ib\u00e9rica S.L. con tus amigos a trav\u00e9s de estas Plataformas\nExternas, las Plataformas Externas pueden (con sujeci\u00f3n a su propia base legal)\nrecopilar y procesar de otro modo los datos personales sobre ti con el fin de\nproporcionarte publicidad personalizada. Para obtener m\u00e1s informaci\u00f3n sobre el\nalcance y las finalidades de los datos procesados por el proveedor de la\nPlataforma Externa, incluidos tus derechos y las opciones de configuraci\u00f3n para\nproteger tu privacidad, consulta el aviso de privacidad del respectivo\nproveedor de la Plataforma Externa.<o:p><\/o:p><\/p><p class=\"MsoNormal\">&nbsp;<o:p><\/o:p><\/p><p class=\"MsoNormal\"><o:p>&nbsp;<\/o:p><\/p><p class=\"MsoNormal\">Categor\u00edas de datos: Datos de solicitud (informaci\u00f3n\nrecopilada cuando interact\u00faas con nosotros de otra manera)<o:p><\/o:p><\/p><p class=\"MsoNormal\">Datos recogidos: La informaci\u00f3n que nos compartas cuando\ninteract\u00faas con nosotros a trav\u00e9s de formularios de solicitud. Tambi\u00e9n cuando\naplicas a alguna oferta de trabajo.<o:p><\/o:p><\/p><p class=\"MsoNormal\">&nbsp;<o:p><\/o:p><\/p><p class=\"MsoNormal\"><o:p>&nbsp;<\/o:p><\/p><p class=\"MsoNormal\">\u00bfCon qu\u00e9 finalidades, base legitimadora y conservaci\u00f3n\ntratamos tus datos personales?<o:p><\/o:p><\/p><p class=\"MsoNormal\">En el caso de que no te hayas registrado en nuestra p\u00e1gina\nweb o en nuestra aplicaci\u00f3n, Auto Turistica Ib\u00e9rica S.L. tratar\u00e1 la IP de tu\ndispositivo para las siguientes finalidades:<o:p><\/o:p><\/p><p class=\"MsoNormal\"><o:p>&nbsp;<\/o:p><\/p><p class=\"MsoNormal\">BASE DE LEGITIMACI\u00d3N: Inter\u00e9s leg\u00edtimo para mejorar nuestra\noferta comercial.<o:p><\/o:p><\/p><p class=\"MsoNormal\">FINALIDAD: Conocer el origen de la descarga de nuestra\naplicaci\u00f3n para mejorar la oferta comercial. <o:p><\/o:p><\/p><p class=\"MsoNormal\">PLAZO DE CONSERVACI\u00d3N: Se llevar\u00e1 a cabo \u00fanicamente en el\nmomento en que tenga lugar dicha descarga.<o:p><\/o:p><\/p><p class=\"MsoNormal\">&nbsp;<o:p><\/o:p><\/p><p class=\"MsoNormal\"><o:p>&nbsp;<\/o:p><\/p><p class=\"MsoNormal\">BASE DE LEGITIMACI\u00d3N: Consentimiento expreso mediante la\naceptaci\u00f3n de la pol\u00edtica de cookies.<o:p><\/o:p><\/p><p class=\"MsoNormal\">FINALIDAD: Acceder a tu ubicaci\u00f3n mientras navegas por\nnuestra p\u00e1gina web o utilizas nuestra aplicaci\u00f3n para mostrarte los productos\nque tienes m\u00e1s cerca.<o:p><\/o:p><\/p><p class=\"MsoNormal\">PLAZO DE CONSERVACI\u00d3N: Por su parte Auto Turistica Ib\u00e9rica\nS.L. tratar\u00e1 y conservar\u00e1 la ubicaci\u00f3n de tu dispositivo con las finalidades\nantes indicadas, mientras no deshabilites la geolocalizaci\u00f3n de tu dispositivo.<o:p><\/o:p><\/p><p class=\"MsoNormal\">&nbsp;<o:p><\/o:p><\/p><p class=\"MsoNormal\"><o:p>&nbsp;<\/o:p><\/p><p class=\"MsoNormal\">En el caso que te hayas registrado en nuestra p\u00e1gina web o\nen nuestra aplicaci\u00f3n, las finalidades para las cuales trataremos tus datos de\ncar\u00e1cter personal son: <o:p><\/o:p><\/p><p class=\"MsoNormal\"><o:p>&nbsp;<\/o:p><\/p><p class=\"MsoNormal\">BASE DE LEGITIMACI\u00d3N: La base de legitimaci\u00f3n que habilita a\nAuto Turistica Ib\u00e9rica S.L. a tratar tus datos para la presente finalidad es tu\nsolicitud de registro y con ella tu consentimiento.<o:p><\/o:p><\/p><p class=\"MsoNormal\">FINALIDAD: Gestionar tu alta y tus preferencias de usuario\ndentro del \u00e1rea de usuario registrado, as\u00ed como para prestarte los servicios de\nnuestra p\u00e1gina web y\/o de nuestra aplicaci\u00f3n que hayas solicitado.<o:p><\/o:p><\/p><p class=\"MsoNormal\">PLAZO DE CONSERVACI\u00d3N: Los datos recabados para permitirte\nel registro en nuestra p\u00e1gina web o aplicaci\u00f3n se conservar\u00e1n mientras no\ncanceles tu cuenta.<o:p><\/o:p><\/p><p class=\"MsoNormal\">&nbsp;<o:p><\/o:p><\/p><p class=\"MsoNormal\"><o:p>&nbsp;<\/o:p><\/p><p class=\"MsoNormal\">BASE DE LEGITIMACI\u00d3N: La base legitimadora de dicho\ntratamiento es el cumplimiento por parte de Auto Turistica Ib\u00e9rica S.L. de\ndeterminadas obligaciones legales, as\u00ed como el inter\u00e9s leg\u00edtimo de proteger\nnuestros servicios y productos.<o:p><\/o:p><\/p><p class=\"MsoNormal\">FINALIDAD: Para velar por el buen uso de nuestros servicios\ny productos, impidiendo que se lleven a cabo usos il\u00edcitos o contrarios a\nnuestra pol\u00edtica y valores, pudiendo incluso darte de baja como usuario\nregistrado<o:p><\/o:p><\/p><p class=\"MsoNormal\">PLAZO DE CONSERVACI\u00d3N: Los datos recabados para gestionar\ntus preferencias como usuario se conservar\u00e1n mientras no te opongas a dicho\ntratamiento. <o:p><\/o:p><\/p><p class=\"MsoNormal\">&nbsp;<o:p><\/o:p><\/p><p class=\"MsoNormal\"><o:p>&nbsp;<\/o:p><\/p><p class=\"MsoNormal\">BASE DE LEGITIMACI\u00d3N: Inter\u00e9s leg\u00edtimo para mejorar las\npublicaciones. <o:p><\/o:p><\/p><p class=\"MsoNormal\">FINALIDAD: Mostrarte publicaciones ajustadas a tus h\u00e1bitos\nde consumo y navegaci\u00f3n obtenidos del uso de nuestra aplicaci\u00f3n o p\u00e1gina web.<o:p><\/o:p><\/p><p class=\"MsoNormal\">PLAZO DE CONSERVACI\u00d3N: Aquellos datos recabados y tratados\npara velar por el buen uso de nuestros servicios y productos se conservar\u00e1n\nhasta que se haya llevado a cabo la acci\u00f3n de verificaci\u00f3n correspondiente.<o:p><\/o:p><\/p><p class=\"MsoNormal\">&nbsp;<o:p><\/o:p><\/p><p class=\"MsoNormal\"><o:p>&nbsp;<\/o:p><\/p><p class=\"MsoNormal\">BASE DE LEGITIMACI\u00d3N: Auto Turistica Ib\u00e9rica S.L. realizar\u00e1\ndicho tratamiento en atenci\u00f3n a la relaci\u00f3n mantenida contigo, teniendo en\ncuenta que las citadas comunicaciones siempre versar\u00e1n sobre nuestros productos\ny servicios. <o:p><\/o:p><\/p><p class=\"MsoNormal\">FINALIDAD: Remitirte, por cualquier medio, incluidos por\nmedios electr\u00f3nicos, comunicaciones en relaci\u00f3n a los productos y servicios ofrecidos\npor Auto Turistica Ib\u00e9rica S.L., comunicaciones que podr\u00e1n dirigirse en\natenci\u00f3n a tus h\u00e1bitos de consumo, navegaci\u00f3n o utilizaci\u00f3n de nuestra p\u00e1gina\nWeb y\/o nuestra aplicaci\u00f3n.<o:p><\/o:p><\/p><p class=\"MsoNormal\">PLAZO DE CONSERVACI\u00d3N: Los datos recabados para mostrarte\npublicidad segmentada ser\u00e1n utilizados mientras no te opongas a dicho\ntratamiento.<o:p><\/o:p><\/p><p class=\"MsoNormal\">&nbsp;<o:p><\/o:p><\/p><p class=\"MsoNormal\"><o:p>&nbsp;<\/o:p><\/p><p class=\"MsoNormal\">BASE DE LEGITIMACI\u00d3N: Consentimiento expreso para la\nparticipaci\u00f3n en los concursos que promocionemos.<o:p><\/o:p><\/p><p class=\"MsoNormal\">FINALIDAD: Gestionar tu participaci\u00f3n en los concursos que\norganizamos de acuerdo con nuestras bases legales.<o:p><\/o:p><\/p><p class=\"MsoNormal\">PLAZO DE CONSERVACI\u00d3N: Aquellos datos recabados para\nremitirte comunicaciones comerciales sobre nuestros propios servicios se\nconservar\u00e1n mientras no te des de baja como usuario registrado y no te opongas\na dicho tratamiento. <o:p><\/o:p><\/p><p class=\"MsoNormal\">&nbsp;<o:p><\/o:p><\/p><p class=\"MsoNormal\"><o:p>&nbsp;<\/o:p><\/p><p class=\"MsoNormal\">BASE DE LEGITIMACI\u00d3N: Tratamiento que realizaremos al amparo\nde nuestro inter\u00e9s leg\u00edtimo, para evitar fraude o actos il\u00edcitos.<o:p><\/o:p><\/p><p class=\"MsoNormal\">FINALIDAD: Recoger y analizar la informaci\u00f3n sobre tu\ndispositivo, redes y actividad en la plataforma al objeto de verificar que se\nhace un uso l\u00edcito de nuestros servicios.<o:p><\/o:p><\/p><p class=\"MsoNormal\">PLAZO DE CONSERVACI\u00d3N: El plazo de conservaci\u00f3n para este\ntratamiento es de 5 a\u00f1os.<o:p><\/o:p><\/p><p class=\"MsoNormal\">&nbsp;<o:p><\/o:p><\/p><p class=\"MsoNormal\"><o:p>&nbsp;<\/o:p><\/p><p class=\"MsoNormal\">BASE DE LEGITIMACI\u00d3N: Auto Turistica Ib\u00e9rica S.L. realiza\ndicho tratamiento como consecuencia de la aceptaci\u00f3n por tu parte de las\ncondiciones generales de contrataci\u00f3n realizada en el momento de solicitar\ndicho servicio de entrega de producto o servicios solicitados.<o:p><\/o:p><\/p><p class=\"MsoNormal\">FINALIDAD: Realizar un seguimiento de la entrega de los\nproductos y\/o servicios adquiridos a trav\u00e9s de nuestra p\u00e1gina web y\/o de\nnuestra aplicaci\u00f3n<o:p><\/o:p><\/p><p class=\"MsoNormal\">PLAZO DE CONSERVACI\u00d3N: Aquellos datos recabados para llevar\na cabo los servicios se conservar\u00e1n mientras no te des de baja como usuario\nregistrado y no te opongas a dicho tratamiento.<o:p><\/o:p><\/p><p class=\"MsoNormal\">&nbsp;<o:p><\/o:p><\/p><p class=\"MsoNormal\"><o:p>&nbsp;<\/o:p><\/p><p class=\"MsoNormal\">BASE DE LEGITIMACI\u00d3N: La base legitimadora para la\nrealizaci\u00f3n de dicho tratamiento es la aceptaci\u00f3n por tu parte de nuestras\ncondiciones generales de contrataci\u00f3n realizada en el momento de contratar\ndicho servicio.<o:p><\/o:p><\/p><p class=\"MsoNormal\">FINALIDAD: Gestionar y controlar suscripciones o pago por\nposicionamiento o visibilidad (visibility).<o:p><\/o:p><\/p><p class=\"MsoNormal\">PLAZO DE CONSERVACI\u00d3N: Los datos recabados como consecuencia\nde la contrataci\u00f3n por tu parte de nuestros servicios de posicionamiento se\nconservar\u00e1n hasta que te des de baja de dicho servicio.<o:p><\/o:p><\/p><p class=\"MsoNormal\">&nbsp;<o:p><\/o:p><\/p><p class=\"MsoNormal\"><o:p>&nbsp;<\/o:p><\/p><p class=\"MsoNormal\">BASE DE LEGITIMACI\u00d3N: La base legitimadora de este\ntratamiento es la obligaci\u00f3n legal de Auto Turistica Ib\u00e9rica S.L. de acuerdo\ncon la normativa de defensa de los consumidores y usuarios. <o:p><\/o:p><\/p><p class=\"MsoNormal\">FINALIDAD: Gestionar las quejas y consultas sobre los\nproductos y\/o servicios adquiridos a trav\u00e9s de nuestra p\u00e1gina web y\/o de\nnuestra aplicaci\u00f3n.<o:p><\/o:p><\/p><p class=\"MsoNormal\">PLAZO DE CONSERVACI\u00d3N: Aquellos datos obtenidos como\nconsecuencia de las quejas o consultas que nos puedas dirigir se conservar\u00e1n\nhasta que se haya resuelto la queja o consulta correspondiente, o bien durante\nel plazo de 5 a\u00f1os para garantizar la fiabilidad del mismo. <o:p><\/o:p><\/p><p class=\"MsoNormal\">&nbsp;<o:p><\/o:p><\/p><p class=\"MsoNormal\"><o:p>&nbsp;<\/o:p><\/p><p class=\"MsoNormal\">BASE DE LEGITIMACI\u00d3N: Consentimiento expreso por tu parte\npara llevar a cabo el tratamiento. <o:p><\/o:p><\/p><p class=\"MsoNormal\">FINALIDAD: Si nos has proporcionado tu consentimiento\nexpreso a tal efecto, comunicaremos tus datos a terceras empresas ajenas a Auto\nTuristica Ib\u00e9rica S.L., con la finalidad mostrarte publicidad adaptada a tus\npreferencias de consumo y navegaci\u00f3n tanto de productos y servicios propios,\ncomo de terceros<o:p><\/o:p><\/p><p class=\"MsoNormal\">PLAZO DE CONSERVACI\u00d3N: Los datos relativos a tus h\u00e1bitos de\nnavegaci\u00f3n o de consumo que podamos haber obtenido de terceros ser\u00e1n mantenidos\nmientras no revoques el consentimiento otorgado.<o:p><\/o:p><\/p><p class=\"MsoNormal\">&nbsp;<o:p><\/o:p><\/p><p class=\"MsoNormal\"><o:p>&nbsp;<\/o:p><\/p><p class=\"MsoNormal\">De manera general, cuando te des de baja como usuario\nregistrado de Auto Turistica Ib\u00e9rica S.L., Auto Turistica Ib\u00e9rica S.L.\neliminar\u00e1 toda la informaci\u00f3n que tengamos de ti. Sin embargo, Auto Turistica\nIb\u00e9rica S.L. conservar\u00e1 datos meramente estad\u00edsticos de utilizaci\u00f3n por parte\nde los usuarios de sus recursos y herramientas.<o:p><\/o:p><\/p><p class=\"MsoNormal\"><o:p>&nbsp;<\/o:p><\/p><p class=\"MsoNormal\">&nbsp;<o:p><\/o:p><\/p><p class=\"MsoNormal\"><o:p>&nbsp;<\/o:p><\/p><p class=\"MsoNormal\">\u00bfCon qui\u00e9n compartimos tus datos personales?<o:p><\/o:p><\/p><p class=\"MsoNormal\">Auto Turistica Ib\u00e9rica S.L. comparte datos de sus usuarios\ncon terceros con la \u00fanica finalidad de proporcionar los servicios y productos\nde que dispone Auto Turistica Ib\u00e9rica S.L., adem\u00e1s de mejorar la seguridad de\nnuestra plataforma, ayudar a prevenir el fraude y\/o gestionar posibles\ndisputas. Seleccionamos \u00fanicamente a los proveedores de servicios que ofrecen\nadecuadas garant\u00edas de protecci\u00f3n de datos.<o:p><\/o:p><\/p><p class=\"MsoNormal\"><o:p>&nbsp;<\/o:p><\/p><p class=\"MsoNormal\">Auto Turistica Ib\u00e9rica S.L. en ning\u00fan caso comparte datos de\nsus usuarios con terceras empresas, dentro o fuera de la Uni\u00f3n Europea con\nfinalidades distintas a la prestaci\u00f3n del servicio sin su consentimiento\nexpl\u00edcito.<o:p><\/o:p><\/p><p class=\"MsoNormal\"><o:p>&nbsp;<\/o:p><\/p><p class=\"MsoNormal\">&nbsp;<o:p><\/o:p><\/p><p class=\"MsoNormal\"><o:p>&nbsp;<\/o:p><\/p><p class=\"MsoNormal\">Conoce tus derechos en protecci\u00f3n de datos personales. <o:p><\/o:p><\/p><p class=\"MsoNormal\">Podr\u00e1s ejercer tus derechos de acceso, rectificaci\u00f3n,\nsupresi\u00f3n, oposici\u00f3n, limitaci\u00f3n al tratamiento y portabilidad de tus datos,\nas\u00ed como la revocaci\u00f3n, en cualquier momento, de los consentimientos, en su\ncaso, prestados ante Auto Turistica Ib\u00e9rica S.L., S.L., con domicilio en Calle\nLola Flores, 16 \u2013 28022, Madrid (Espa\u00f1a), provista de NIF B-78843281,\nadjuntando fotocopia de tu DNI o documento identificativo v\u00e1lido equivalente.\nPara tu mayor comodidad, y sin perjuicio de que se deban cumplir con determinados\nrequisitos formales establecidos por el Reglamento (UE) 2016\/679 del Parlamento\nEuropeo y del Consejo de 27 de abril de 2016 relativo a la protecci\u00f3n de las\npersonas f\u00edsicas en lo que respecta al tratamiento de datos personales y a la\nlibre circulaci\u00f3n de estos datos (RGPD), Auto Turistica Ib\u00e9rica S.L., S.L. te\nofrece la posibilidad de ejercer los derechos antes referidos a trav\u00e9s del\ncorreo electr\u00f3nico: info@AutoTuristica.com. <o:p><\/o:p><\/p><p class=\"MsoNormal\"><o:p>&nbsp;<\/o:p><\/p><p class=\"MsoNormal\">Igualmente, te recordamos la posibilidad de dirigir una\nreclamaci\u00f3n ante la Agencia Espa\u00f1ola de Protecci\u00f3n de Datos, especialmente\ncuando considere que Auto Turistica Ib\u00e9rica S.L. no ha satisfecho debidamente\nel ejercicio de tus derechos. Dicha reclamaci\u00f3n podr\u00e1s presentarla ante la\ncitada autoridad mediante las diferentes opciones que la sede electr\u00f3nica de la\nAgencia Espa\u00f1ola de Protecci\u00f3n de datos ofrece\n(https:\/\/www.aepd.es\/reglamento\/derechos\/index.html)<o:p><\/o:p><\/p><p class=\"MsoNormal\"><o:p>&nbsp;<\/o:p><\/p><p class=\"MsoNormal\">&nbsp;<o:p><\/o:p><\/p><p class=\"MsoNormal\"><o:p>&nbsp;<\/o:p><\/p><p class=\"MsoNormal\">\u00bfC\u00f3mo ponerse en contacto con Auto Turistica Ib\u00e9rica S.L.\npara consultas de privacidad?<o:p><\/o:p><\/p><p class=\"MsoNormal\">Para cualquier pregunta o comentario relacionado con esta\nPol\u00edtica de Privacidad o con la forma en que Auto Turistica Ib\u00e9rica S.L. recoge\ny utiliza tus Datos, tambi\u00e9n puedes ponerte en contacto con nuestra oficina, y\ncorreo electr\u00f3nico: info@AutoTuristica.com.<o:p><\/o:p><\/p><p class=\"MsoNormal\"><o:p>&nbsp;<\/o:p><\/p><p>\n\n\n\n\n\n\n\n\n\n\n\n\n\n\n\n\n\n\n\n\n\n\n\n\n\n\n\n\n\n\n\n\n\n\n\n\n\n\n\n\n\n\n\n\n\n\n\n\n\n\n\n\n\n\n\n\n\n\n\n\n\n\n\n\n\n\n\n\n\n\n\n\n\n\n\n\n\n\n\n\n\n\n\n\n\n\n\n\n\n\n\n\n\n\n\n\n\n\n\n\n\n\n\n\n\n\n\n\n\n\n\n\n\n\n\n\n\n\n\n\n\n\n\n\n\n\n\n\n\n\n\n\n\n\n\n\n\n\n\n\n\n\n\n\n\n\n\n\n\n\n\n\n\n\n\n\n\n\n\n\n\n\n\n\n\n\n\n\n\n\n\n\n\n\n\n\n\n\n\n\n\n\n\n\n\n\n\n\n\n\n\n\n\n\n\n\n\n\n\n\n\n\n\n\n\n\n\n\n\n\n\n\n\n\n\n\n\n\n\n\n\n\n\n\n\n\n\n\n\n\n\n\n\n\n\n\n\n\n\n\n\n\n\n\n\n\n\n\n\n\n\n\n\n<span style=\"font-size:11.0pt;line-height:107%;font-family:&quot;Calibri&quot;,sans-serif;\nmso-ascii-theme-font:minor-latin;mso-fareast-font-family:Calibri;mso-fareast-theme-font:\nminor-latin;mso-hansi-theme-font:minor-latin;mso-bidi-font-family:&quot;Times New Roman&quot;;\nmso-bidi-theme-font:minor-bidi;mso-ansi-language:ES;mso-fareast-language:EN-US;\nmso-bidi-language:AR-SA\">Esta Pol\u00edtica de Privacidad fue actualizada por \u00faltima\nvez en enero de 2023. Le informaremos de cualquier cambio sustancial que se\nproduzca en esta&nbsp;<\/span><br><\/p>\t\t\t\t\t\t\t\t<\/div>\n\t\t\t\t<\/div>\n\t\t\t\t\t<\/div>\n\t\t<\/div>\n\t\t\t\t\t<\/div>\n\t\t<\/section>\n\t\t\t\t<\/div>\n\t\t","protected":false},"excerpt":{"rendered":"<p>POL\u00cdTICA DE PRIVACIDAD DE AUTO TURISTICA IB\u00c9RICA S.L. Es compromiso de Auto Turistica Ib\u00e9rica S.L. el respeto de la privacidad&hellip;<\/p>\n","protected":false},"author":4,"featured_media":0,"parent":0,"menu_order":0,"comment_status":"closed","ping_status":"closed","template":"","meta":{"_acf_changed":false,"om_disable_all_campaigns":false,"footnotes":""},"class_list":["post-3683","page","type-page","status-publish","hentry"],"acf":[],"aioseo_notices":[],"_links":{"self":[{"href":"https:\/\/www.autoturistica.com\/gb\/wp-json\/wp\/v2\/pages\/3683","targetHints":{"allow":["GET"]}}],"collection":[{"href":"https:\/\/www.autoturistica.com\/gb\/wp-json\/wp\/v2\/pages"}],"about":[{"href":"https:\/\/www.autoturistica.com\/gb\/wp-json\/wp\/v2\/types\/page"}],"author":[{"embeddable":true,"href":"https:\/\/www.autoturistica.com\/gb\/wp-json\/wp\/v2\/users\/4"}],"replies":[{"embeddable":true,"href":"https:\/\/www.autoturistica.com\/gb\/wp-json\/wp\/v2\/comments?post=3683"}],"version-history":[{"count":12,"href":"https:\/\/www.autoturistica.com\/gb\/wp-json\/wp\/v2\/pages\/3683\/revisions"}],"predecessor-version":[{"id":6830,"href":"https:\/\/www.autoturistica.com\/gb\/wp-json\/wp\/v2\/pages\/3683\/revisions\/6830"}],"wp:attachment":[{"href":"https:\/\/www.autoturistica.com\/gb\/wp-json\/wp\/v2\/media?parent=3683"}],"curies":[{"name":"wp","href":"https:\/\/api.w.org\/{rel}","templated":true}]}}