{"id":3676,"date":"2023-01-27T10:38:37","date_gmt":"2023-01-27T09:38:37","guid":{"rendered":"https:\/\/www.autoturistica.com\/ie\/?page_id=3676"},"modified":"2024-11-26T07:22:01","modified_gmt":"2024-11-26T07:22:01","slug":"termos-e-condicions","status":"publish","type":"page","link":"https:\/\/www.autoturistica.com\/ie\/termos-e-condicions\/","title":{"rendered":"Termos e condici\u00f3ns"},"content":{"rendered":"\t\t<div data-elementor-type=\"wp-page\" data-elementor-id=\"3676\" class=\"elementor elementor-3676\" data-elementor-post-type=\"page\">\n\t\t\t\t\t\t<section class=\"elementor-section elementor-top-section elementor-element elementor-element-40732f8 elementor-section-boxed elementor-section-height-default elementor-section-height-default\" data-id=\"40732f8\" data-element_type=\"section\">\n\t\t\t\t\t\t<div class=\"elementor-container elementor-column-gap-default\">\n\t\t\t\t\t<div class=\"elementor-column elementor-col-100 elementor-top-column elementor-element elementor-element-2980766\" data-id=\"2980766\" data-element_type=\"column\">\n\t\t\t<div class=\"elementor-widget-wrap elementor-element-populated\">\n\t\t\t\t\t\t<div class=\"elementor-element elementor-element-0f7f36e elementor-widget elementor-widget-text-editor\" data-id=\"0f7f36e\" data-element_type=\"widget\" data-widget_type=\"text-editor.default\">\n\t\t\t\t<div class=\"elementor-widget-container\">\n\t\t\t\t\t\t\t\t\t<b>Termos e Condici\u00f3ns de uso de Auto Turistica Ib\u00e9rica S.L.<\/b>\n\nAs presentes Condici\u00f3ns de uso (en diante, \u201cTermos e Condici\u00f3ns\u201d) establecen as condici\u00f3ns nas que se ofrece aos usuarios o acceso aos sitios web, servizos e aplicaci\u00f3ns Auto Turistica Ib\u00e9rica S.L. (en diante, \u201co Servizo\u201d), que \u00e9 unha plataforma que permite aos usuarios reservar un veh\u00edculo cos nosos provedores, as\u00ed como a comunicaci\u00f3n entre os usuarios licitadores e os usuarios interesados \u200b\u200ben alugar os produtos ofrecidos, para completar a transacci\u00f3n.\n\nA utilizaci\u00f3n do Servizo atrib\u00fae \u00e1 persoa que o utiliza a condici\u00f3n de usuario do mesmo (en diante, \u201co Usuario\u201d) e implica a plena aceptaci\u00f3n dos presentes Termos e Condici\u00f3ns. Se non est\u00e1 de acordo con todo ou parte destes Termos e Condici\u00f3ns, o Usuario deber\u00e1 absterse de instalar ou utilizar o Servizo.\n\nAo aceptar estes Termos e Condici\u00f3ns, o Usuario declara:\n\nQue liches, entendes e entendes o que aqu\u00ed se indica.\n\nQue asume todas as obrigas aqu\u00ed establecidas.\n\nQue \u00e9 maior de idade e capacidade legal suficiente para utilizar o Servizo.\n\nA aceptaci\u00f3n destes Termos e Condici\u00f3ns por parte dos Usuarios \u00e9 un paso previo e esencial para utilizar o Servizo. Auto Turistica Ib\u00e9rica S.L. res\u00e9rvase o dereito de actualizar e\/ou modificar os Termos e Condici\u00f3ns en calquera momento e por calquera motivo ao seu exclusivo criterio. Auto Turistica Ib\u00e9rica S.L. notificaralle calquera cambio material dos Termos e Condici\u00f3ns ou de calquera Servizo ou outras caracter\u00edsticas dos Servizos. Ao acceder ou utilizar os Servizos despois de que Auto Turistica Ib\u00e9rica S.L. notificou ao Usuario unha modificaci\u00f3n ou actualizaci\u00f3n, o Usuario acepta estar obrigado polos Termos e Condici\u00f3ns modificados. Se os Termos e Condici\u00f3ns modificados non son aceptables para o Usuario, a s\u00faa \u00fanica opci\u00f3n \u00e9 deixar de utilizar os Servizos.\n<ol style=\"margin-top: 0cm;\" start=\"1\" type=\"1\">\n  <li><b>Propietario do servizo<\/b><\/li>\n<\/ol>\nO titular e titular do Servizo \u00e9 Auto Turistica Ib\u00e9rica S.L. S.L. (en diante, \u00abAuto Turistica Ib\u00e9rica S.L.\u00bb), con domicilio na r\u00faa Lola Flores 16, 28022 Madrid (Espa\u00f1a), provisto de N.I.F. B-78843281, constitu\u00edda o 10 de xu\u00f1o de 1988, ante o Notario D. Manuel Ramos Armero e inscrita no Rexistro Mercantil de Madrid, Tomo 8705, Folio 125, Folla 71384-3, Inscrici\u00f3n 1.\n<ol style=\"margin-top: 0cm;\" start=\"2\" type=\"1\">\n  <li><b>Necesidade de rexistro<\/b><\/li>\n<\/ol>\nPara utilizar o Servizo \u00e9 necesario o rexistro previo do Usuario, a aceptaci\u00f3n destes Termos e Condici\u00f3ns e a Pol\u00edtica de Privacidade e Cookies.\n\nOs datos introducidos polo Usuario deben ser exactos, actuais e veraces. O Usuario rexistrado ser\u00e1 responsable en todo momento da custodia do seu contrasinal, asumindo en consecuencia os danos que puidesen derivarse do seu uso indebido, as\u00ed como da cesi\u00f3n, divulgaci\u00f3n ou perda do mesmo, debendo comunicar inmediatamente a Auto Turistica Ib\u00e9rica. S.L. no caso de que te\u00f1a motivos para crer que o seu contrasinal foi ou \u00e9 probable que se use de forma non autorizada. En todo caso, consid\u00e9rase que o Usuario \u00e9 o responsable do acceso e\/ou uso do Servizo en relaci\u00f3n coa s\u00faa conta, que ser\u00e1 responsable en todo caso do devandito acceso e\/ou uso.\n\nAo aceptar os Termos e Condici\u00f3ns, o Usuario acepta que os seus datos pasen a formar parte do ficheiro de Auto Turistica Ib\u00e9rica S.L. e o tratamento destes datos realizarase de acordo co establecido na <a href=\"https:\/\/www.autoturistica.com\/ie\/privacidad\" target=\"_blank\" rel=\"noopener\">Pol\u00edtica de Privacidade<\/a > .\n<ol style=\"margin-top: 0cm;\" start=\"3\" type=\"1\">\n  <li><b>Regras para usar o servizo<\/b><\/li>\n<\/ol>\nO Usuario comprom\u00e9tese a utilizar o Servizo de acordo coa lei, a moral, a orde p\u00fablica e os presentes Termos e Condici\u00f3ns. As\u00ed mesmo, est\u00e1 obrigado a facer un uso axeitado do Servizo e a non utilizalo para realizar actividades il\u00edcitas ou constitutivas de delito, que vulneren dereitos de terceiros ou que vulneren calquera norma do ordenamento xur\u00eddico.\n\nO Usuario comprom\u00e9tese a non transmitir, introducir, difundir e\/ou po\u00f1er a disposici\u00f3n de terceiros ning\u00fan tipo de material e informaci\u00f3n (produtos, obxectos, datos, contidos, mensaxes, debuxos, arquivos de son e imaxe, fotograf\u00edas, software, etc.) que sexan contrarios \u00e1 lei, \u00e1 moral, \u00e1 orde p\u00fablica e \u00e1s presentes Condici\u00f3ns. A t\u00edtulo enunciativo e en ning\u00fan caso limitativo ou exclusivo, o Usuario comprom\u00e9tese a:\n<ol style=\"margin-top: 0cm;\" start=\"1\" type=\"1\">\n  <li>Non introducir nin difundir contidos ou propaganda de car\u00e1cter racista, xen\u00f3fobo, pornogr\u00e1fico, de apoio ao terrorismo, aos conflitos armados, \u00e1 incitaci\u00f3n ao odio<i><\/i>ou que vulneren os dereitos humanos.<\/li>\n  <li>Non\t\t\t\t\t\t\t\t<\/div>\n\t\t\t\t<\/div>\n\t\t\t\t\t<\/div>\n\t\t<\/div>\n\t\t\t\t\t<\/div>\n\t\t<\/section>\n\t\t\t\t<\/div>\n\t\t","protected":false},"excerpt":{"rendered":"<p>Termos e Condici\u00f3ns de uso de Auto Turistica Ib\u00e9rica S.L. As presentes Condici\u00f3ns de uso (en diante, \u201cTermos e Condici\u00f3ns\u201d)&hellip;<\/p>\n","protected":false},"author":4,"featured_media":0,"parent":0,"menu_order":0,"comment_status":"closed","ping_status":"closed","template":"","meta":{"_acf_changed":false,"om_disable_all_campaigns":false,"footnotes":""},"class_list":["post-3676","page","type-page","status-publish","hentry"],"acf":[],"aioseo_notices":[],"_links":{"self":[{"href":"https:\/\/www.autoturistica.com\/ie\/wp-json\/wp\/v2\/pages\/3676","targetHints":{"allow":["GET"]}}],"collection":[{"href":"https:\/\/www.autoturistica.com\/ie\/wp-json\/wp\/v2\/pages"}],"about":[{"href":"https:\/\/www.autoturistica.com\/ie\/wp-json\/wp\/v2\/types\/page"}],"author":[{"embeddable":true,"href":"https:\/\/www.autoturistica.com\/ie\/wp-json\/wp\/v2\/users\/4"}],"replies":[{"embeddable":true,"href":"https:\/\/www.autoturistica.com\/ie\/wp-json\/wp\/v2\/comments?post=3676"}],"version-history":[{"count":14,"href":"https:\/\/www.autoturistica.com\/ie\/wp-json\/wp\/v2\/pages\/3676\/revisions"}],"predecessor-version":[{"id":6869,"href":"https:\/\/www.autoturistica.com\/ie\/wp-json\/wp\/v2\/pages\/3676\/revisions\/6869"}],"wp:attachment":[{"href":"https:\/\/www.autoturistica.com\/ie\/wp-json\/wp\/v2\/media?parent=3676"}],"curies":[{"name":"wp","href":"https:\/\/api.w.org\/{rel}","templated":true}]}}