{"id":642,"date":"2022-03-05T18:12:32","date_gmt":"2022-03-05T18:12:32","guid":{"rendered":"http:\/\/localhost\/ajbcouriers\/?page_id=642"},"modified":"2024-12-04T09:56:31","modified_gmt":"2024-12-04T09:56:31","slug":"paxina-de-inicio","status":"publish","type":"page","link":"https:\/\/www.autoturistica.com\/ie\/","title":{"rendered":"P\u00e1xina de inicio"},"content":{"rendered":"\t\t<div data-elementor-type=\"wp-page\" data-elementor-id=\"642\" class=\"elementor elementor-642\" data-elementor-post-type=\"page\">\n\t\t\t\t\t\t<section class=\"elementor-section elementor-top-section elementor-element elementor-element-fda086e elementor-section-height-min-height elementor-section-stretched elementor-section-boxed elementor-section-height-default elementor-section-items-middle\" data-id=\"fda086e\" data-element_type=\"section\" data-settings=\"{&quot;stretch_section&quot;:&quot;section-stretched&quot;,&quot;background_background&quot;:&quot;classic&quot;}\">\n\t\t\t\t\t\t\t<div class=\"elementor-background-overlay\"><\/div>\n\t\t\t\t\t\t\t<div class=\"elementor-container elementor-column-gap-default\">\n\t\t\t\t\t<div class=\"elementor-column elementor-col-100 elementor-top-column elementor-element elementor-element-832ecaa\" data-id=\"832ecaa\" data-element_type=\"column\">\n\t\t\t<div class=\"elementor-widget-wrap elementor-element-populated\">\n\t\t\t\t\t\t<section class=\"elementor-section elementor-inner-section elementor-element elementor-element-7d5ce4e elementor-section-boxed elementor-section-height-default elementor-section-height-default\" data-id=\"7d5ce4e\" data-element_type=\"section\">\n\t\t\t\t\t\t<div class=\"elementor-container elementor-column-gap-default\">\n\t\t\t\t\t<div class=\"elementor-column elementor-col-100 elementor-inner-column elementor-element elementor-element-06f5c8b\" data-id=\"06f5c8b\" data-element_type=\"column\">\n\t\t\t<div class=\"elementor-widget-wrap elementor-element-populated\">\n\t\t\t\t\t\t<div class=\"elementor-element elementor-element-a0398fa elementor-widget__width-initial elementor-widget elementor-widget-heading\" data-id=\"a0398fa\" data-element_type=\"widget\" data-widget_type=\"heading.default\">\n\t\t\t\t<div class=\"elementor-widget-container\">\n\t\t\t\t\t<h1 class=\"elementor-heading-title elementor-size-default\">Aluguer de veh\u00edculos &amp; furgonetas<\/h1>\t\t\t\t<\/div>\n\t\t\t\t<\/div>\n\t\t\t\t\t<\/div>\n\t\t<\/div>\n\t\t\t\t\t<\/div>\n\t\t<\/section>\n\t\t\t\t\t<\/div>\n\t\t<\/div>\n\t\t\t\t\t<\/div>\n\t\t<\/section>\n\t\t\t\t<section class=\"elementor-section elementor-top-section elementor-element elementor-element-de4d117 elementor-section-stretched elementor-section-boxed elementor-section-height-default elementor-section-height-default\" data-id=\"de4d117\" data-element_type=\"section\" data-settings=\"{&quot;background_background&quot;:&quot;classic&quot;,&quot;stretch_section&quot;:&quot;section-stretched&quot;}\">\n\t\t\t\t\t\t<div class=\"elementor-container elementor-column-gap-default\">\n\t\t\t\t\t<div class=\"elementor-column elementor-col-100 elementor-top-column elementor-element elementor-element-7525cd2\" data-id=\"7525cd2\" data-element_type=\"column\" data-settings=\"{&quot;background_background&quot;:&quot;gradient&quot;}\">\n\t\t\t<div class=\"elementor-widget-wrap elementor-element-populated\">\n\t\t\t\t\t\t<div class=\"elementor-element elementor-element-2949af5 elementor-widget elementor-widget-shortcode\" data-id=\"2949af5\" data-element_type=\"widget\" data-widget_type=\"shortcode.default\">\n\t\t\t\t<div class=\"elementor-widget-container\">\n\t\t\t\t\t\t\t<div class=\"elementor-shortcode\"><input type=\"hidden\" id=\"owp_search_nonce\" name=\"owp_search_nonce\" value=\"10c7cf4c3e\" \/><input type=\"hidden\" name=\"_wp_http_referer\" value=\"\/ie\/wp-json\/wp\/v2\/pages\/642\" \/><form class=\"owp-rentcar-search\" method=\"GET\" action=\"https:\/\/www.autoturistica.com\/ie\/resultados-da-busca\/\">\n\n    <div class=\"row\">\n\n\t\t<div class=\"owp-rentcar-field col-12 d-flex flex-column flex-md-row justify-content-between align-items-center\">\n\t\t\t<h4 class=\"flex-1 pl-0 col-12 col-md-4 mb-3 mb-lg-0 mt-0 owp-rentcar-search-form-title text-center text-md-left\">Busca veh\u00edculos<\/h4>\n            <div class=\"flex-1 text-center\">\n                <div class=\"mb-0 btn-group btn-group-lg vehicle-type-selection\" role=\"group\" aria-label=\"Basic checkbox toggle button group\">\n                    <input\n                       type=\"radio\"\n                       class=\"btn-check sr-only\"\n                       id=\"vehicle_type_car\"\n                       autocomplete=\"off\"\n                       value=\"car\"\n                       name=\"vehicle_type\"\n\t\t\t            \t checked='checked'>\n                    <label\n                            class=\"btn mb-0\"\n                            for=\"vehicle_type_car\"\n                            data-toggle=\"tooltip\"\n                            title=\"Coche\"\n                            data-bs-placement=\"top\"\n                    >\n                <span>\n                    <svg fill=\"currentColor\" height=\"2em\" width=\"2em\" id=\"Layer_1\" xmlns=\"http:\/\/www.w3.org\/2000\/svg\" xmlns:xlink=\"http:\/\/www.w3.org\/1999\/xlink\"\n                         viewBox=\"0 0 512 512\" xml:space=\"preserve\"><g><g><path d=\"M401.067,287.834c-23.526,0-42.667,19.14-42.667,42.667c0,23.526,19.14,42.667,42.667,42.667\n                            c23.526,0,42.667-19.14,42.667-42.667C443.733,306.975,424.593,287.834,401.067,287.834z M401.067,356.101\n                            c-14.114,0-25.6-11.486-25.6-25.6s11.486-25.6,25.6-25.6c14.114,0,25.6,11.486,25.6,25.6S415.181,356.101,401.067,356.101z\"\/><\/g><\/g><g><g><path d=\"M110.933,287.834c-23.526,0-42.667,19.14-42.667,42.667c0,23.526,19.14,42.667,42.667,42.667\n                            c23.526,0,42.667-19.14,42.667-42.667C153.6,306.975,134.46,287.834,110.933,287.834z M110.933,356.101\n                            c-14.114,0-25.6-11.486-25.6-25.6s11.486-25.6,25.6-25.6s25.6,11.486,25.6,25.6S125.047,356.101,110.933,356.101z\"\/><\/g><\/g><g><g><path d=\"M503.467,287.834v-51.2c0-3.678-2.347-6.938-5.837-8.098l-48.154-16.051c-18.133-30.711-43.059-59.938-98.142-69.589\n                            c-0.102-0.017-0.205-0.034-0.307-0.051c-101.717-14.063-178.091,8.883-227.123,68.224C67.217,211.888,8.533,229.765,8.533,262.234\n                            v25.6c-4.71,0-8.533,3.823-8.533,8.533v34.133c0,4.71,3.823,8.533,8.533,8.533h34.133c4.71,0,8.533-3.823,8.533-8.533\n                            c0-32.939,26.795-59.733,59.733-59.733s59.733,26.795,59.733,59.733c0,4.71,3.823,8.533,8.533,8.533h153.6\n                            c4.71,0,8.533-3.823,8.533-8.533c0-32.939,26.795-59.733,59.733-59.733c32.939,0,59.733,26.795,59.733,59.733\n                            c0,4.71,3.823,8.533,8.533,8.533h34.133c4.71,0,8.533-3.823,8.533-8.533v-34.133C512,291.657,508.177,287.834,503.467,287.834z\n                             M392.951,175.672c14.822,9.088,25.865,21.086,35.447,35.362h-35.78L392.951,175.672z M290.133,155.9\n                            c18.253-0.247,37.666,0.973,58.411,3.84c10.274,1.809,19.302,4.378,27.426,7.569l-0.418,43.733h-85.419V155.9z M273.067,156.626\n                            v54.417H146.961C178.594,178.411,220.305,160.38,273.067,156.626z M494.933,321.968h-17.536\n                            c-4.258-38.349-36.864-68.267-76.331-68.267s-72.073,29.918-76.331,68.267H187.264c-4.258-38.349-36.864-68.267-76.331-68.267\n                            s-72.073,29.918-76.331,68.267H17.067v-17.067c4.71,0,8.533-3.823,8.533-8.533v-25.6h8.533c4.71,0,8.533-3.823,8.533-8.533\n                            c0-4.71-3.823-8.533-8.533-8.533h-4.42c11.546-12.535,46.865-25.6,98.287-25.6h314.342l44.058,14.686v10.914h-8.533\n                            c-4.71,0-8.533,3.823-8.533,8.533c0,4.71,3.823,8.533,8.533,8.533h8.533v25.6c0,4.71,3.823,8.533,8.533,8.533V321.968z\"\/><\/g><\/g><\/svg>\n                    <\/span>\n                        <span class=\"ml-2\">Coche<\/span>\n                    <\/label>\n\n                    <input\n                            type=\"radio\"\n                            class=\"btn-check sr-only\"\n                            id=\"vehicle_type_van\"\n                            autocomplete=\"off\"\n                            value=\"van\"\n                            name=\"vehicle_type\"\n\t\t\t                                >\n                    <label\n                            class=\"btn mb-0\"\n                            for=\"vehicle_type_van\"\n                            data-toggle=\"tooltip\"\n                            title=\"Van\"\n                            data-bs-placement=\"top\"\n                    >\n                <span>\n                    <svg fill=\"currentColor\" height=\"2em\" width=\"2em\" id=\"Layer_1\" xmlns=\"http:\/\/www.w3.org\/2000\/svg\" xmlns:xlink=\"http:\/\/www.w3.org\/1999\/xlink\" viewBox=\"0 0 512 512\" xml:space=\"preserve\"><g><g><path d=\"M392.533,298.667c-23.526,0-42.667,19.14-42.667,42.667c0,23.526,19.14,42.667,42.667,42.667\n                                c23.526,0,42.667-19.14,42.667-42.667C435.2,317.807,416.06,298.667,392.533,298.667z M392.533,366.933\n                                c-14.114,0-25.6-11.486-25.6-25.6c0-14.114,11.486-25.6,25.6-25.6c14.114,0,25.6,11.486,25.6,25.6\n                                C418.133,355.447,406.647,366.933,392.533,366.933z\"\/><\/g><\/g><g><g><path d=\"M509.5,292.634l-6.033-6.033V136.533c0-4.71-3.814-8.533-8.533-8.533h-384c-2.782,0-5.393,1.357-6.989,3.644\n                                l-59.068,84.378c-17.391,14.43-33.562,33.135-36.139,70.374l-6.229,6.238C0.896,294.229,0,296.405,0,298.667v17.067\n                                c0,2.261,0.896,4.437,2.5,6.033l6.033,6.033v13.534c0,4.71,3.814,8.533,8.533,8.533H51.2c4.719,0,8.533-3.823,8.533-8.533\n                                c0-32.939,26.803-59.733,59.733-59.733s59.733,26.795,59.733,59.733c0,4.71,3.814,8.533,8.533,8.533h136.533\n                                c4.719,0,8.533-3.823,8.533-8.533c0-32.939,26.803-59.733,59.733-59.733c32.93,0,59.733,26.795,59.733,59.733\n                                c0,4.71,3.814,8.533,8.533,8.533h34.133c4.719,0,8.533-3.823,8.533-8.533v-13.534l6.033-6.033c1.604-1.596,2.5-3.772,2.5-6.033\n                                v-17.067C512,296.405,511.104,294.229,509.5,292.634z M115.379,145.067h72.354v68.267H67.593L115.379,145.067z M494.933,312.201\n                                l-6.033,6.033c-1.604,1.596-2.5,3.772-2.5,6.033v8.533h-17.545c-4.258-38.349-36.855-68.267-76.322-68.267\n                                c-39.467,0-72.064,29.918-76.322,68.267H195.789c-4.258-38.349-36.855-68.267-76.322-68.267S47.403,294.451,43.145,332.8H25.6\n                                v-8.533c0-2.261-0.896-4.437-2.5-6.033l-6.033-6.033v-10.001l6.033-6.033c1.51-1.502,2.389-3.516,2.492-5.641\n                                c0.299-6.494,1.101-12.194,2.21-17.459h14.865c4.719,0,8.533-3.823,8.533-8.533S47.386,256,42.667,256h-9.165\n                                c4.958-10.18,11.989-18.099,20.787-25.6h141.978c4.719,0,8.533-3.823,8.533-8.533v-76.8h281.6V256h-8.533\n                                c-4.719,0-8.533,3.823-8.533,8.533s3.814,8.533,8.533,8.533h8.533v17.067c0,2.261,0.896,4.437,2.5,6.033l6.033,6.033V312.201z\"\/><\/g><\/g><g><g><path d=\"M119.467,298.667c-23.526,0-42.667,19.14-42.667,42.667C76.8,364.86,95.94,384,119.467,384s42.667-19.14,42.667-42.667\n                                C162.133,317.807,142.993,298.667,119.467,298.667z M119.467,366.933c-14.114,0-25.6-11.486-25.6-25.6\n                                c0-14.114,11.486-25.6,25.6-25.6s25.6,11.486,25.6,25.6C145.067,355.447,133.581,366.933,119.467,366.933z\"\/><\/g><\/g><\/svg>\n                    <\/span>\n                        <span class=\"ml-2\">Van<\/span>\n                    <\/label>\n                <\/div>\n            <\/div>\n            <div class=\"flex-1\"><\/div>\n        <\/div>\n\n        <!-- Pickup Location  -->\n\t\t<div class=\"owp-rentcar-field col-12 col-md-6\">\n\t\t\t<label for=\"search_pickup_station\" class=\"owp-rentcar-label\">Lugar de recollida<\/label>\n\t\t\t<select name=\"pickup_station\" id=\"search_pickup_station\" class=\"owp-form-control owp-select2-small\" data-placeholder=\"Lugar de recollida\" required=\"required\">\n\t\t\t\t<option value=\"\"><\/option>\n\t\t\t\t\t\t\t<\/select>\n\t\t<\/div>\n\n\t\t<!-- Dropoff Location  -->\n\t\t<div class=\"owp-rentcar-field col-12 col-md-6\">\n\t\t\t<label for=\"search_dropoff_station\" class=\"owp-rentcar-label\">Lugar de entrega<\/label>\n\t\t\t<select name=\"dropoff_station\" id=\"search_dropoff_station\" class=\"owp-form-control owp-select2-small\" data-placeholder=\"Lugar de entrega\" required=\"required\">\n\t\t\t\t<option value=\"\"><\/option>\n\t\t\t\t\t\t\t<\/select>\n\t\t<\/div>\n\t<\/div>\n\n\t<div class='row align-items-end'>\n\t\t<!-- Pickup Time -->\n\t\t<div class=\"owp-rentcar-field col-md-6 col-lg-3 col-12 pb-4 pb-lg-2\">\n\t\t\t<label for=\"search_pickup_date\" class=\"owp-rentcar-label\">Recollida<\/label>\n\t\t\t<input\n\t\t\t\ttype=\"date\"\n\t\t\t\tname=\"pickup_date\"\n\t\t\t\tid=\"search_pickup_date\"\n\t\t\t\tclass=\"owp-rentcar-datepicker owp-form-control\"\n\t\t\t\tplaceholder=\"Data de recollida\"\n\t\t\t\trequired=\"required\"\n\t\t\t\tvalue=\"\"\n\t\t\t\/>\n\t\t<\/div>\n\n\t\t<div class=\"owp-rentcar-field col-md-6 col-lg-3 col-12 pb-4 pb-lg-2\">\n\t\t\t<label for=\"search_pickup_time\" class=\"screen-reader-text\">Hora de recollida<\/label>\n\t\t\t<select name=\"pickup_time\" id=\"search_pickup_time\" class=\"owp-form-control\" disabled=\"disabled\" required=\"required\">\n\t\t\t\t<option value=\"\" data-default>Tempo<\/option>\n\t\t\t\t\t\t\t<\/select>\n\t\t<\/div>\n\n\t\t<!-- Dropoff Date -->\n\t\t<div class=\"owp-rentcar-field col-md-6 col-lg-3 col-12 pb-4 pb-lg-2\">\n\t\t\t<label for=\"search_dropoff_date\"  class=\"owp-rentcar-label\">Baixa<\/label>\n\t\t\t<input\n\t\t\t\ttype=\"date\"\n\t\t\t\tname=\"dropoff_date\"\n\t\t\t\tid=\"search_dropoff_date\"\n\t\t\t\tclass=\"owp-rentcar-datepicker owp-form-control\"\n\t\t\t\tplaceholder=\"Data de entrega\"\n\t\t\t\trequired=\"required\"\n\t\t\t\tvalue=\"\"\n\t\t\t\tdisabled=\"disabled\"\t\t\t\/>\n\t\t<\/div>\n\n\t\t<div class=\"owp-rentcar-field col-lg-3 col-md-6 col-12 pb-4 pb-lg-2\">\n\t\t\t<label for=\"search_dropoff_time\" class=\"screen-reader-text\">Data de entrega<\/label>\n\t\t\t<select name=\"dropoff_time\" id=\"search_dropoff_time\" class=\"owp-form-control\" disabled=\"disabled\" required=\"required\">\n\t\t\t\t<option value=\"\" data-default>Tempo<\/option>\n\t\t\t\t\t\t\t<\/select>\n\t\t<\/div>\n\n\t\t<div class=\"col-lg-2 ml-auto d-flex justify-content-end col-12\">\n\t\t\t<button type=\"submit\" class=\"owp-rentcar-search-btn\">\n\t\t\tBusca\t\t\t<\/button>\n\t\t<\/div>\n\t<\/div>\n<\/form>\n<\/div>\n\t\t\t\t\t\t<\/div>\n\t\t\t\t<\/div>\n\t\t\t\t\t<\/div>\n\t\t<\/div>\n\t\t\t\t\t<\/div>\n\t\t<\/section>\n\t\t\t\t<section class=\"elementor-section elementor-top-section elementor-element elementor-element-9c06c3b elementor-section-boxed elementor-section-height-default elementor-section-height-default\" data-id=\"9c06c3b\" data-element_type=\"section\">\n\t\t\t\t\t\t<div class=\"elementor-container elementor-column-gap-default\">\n\t\t\t\t\t<div class=\"elementor-column elementor-col-33 elementor-top-column elementor-element elementor-element-f4b60b9\" data-id=\"f4b60b9\" data-element_type=\"column\">\n\t\t\t<div class=\"elementor-widget-wrap elementor-element-populated\">\n\t\t\t\t\t\t<div class=\"elementor-element elementor-element-8544a03 elementor-cta--skin-cover elementor-widget elementor-widget-call-to-action\" data-id=\"8544a03\" data-element_type=\"widget\" data-widget_type=\"call-to-action.default\">\n\t\t\t\t<div class=\"elementor-widget-container\">\n\t\t\t\t\t\t\t<div class=\"elementor-cta\">\n\t\t\t\t\t<div class=\"elementor-cta__bg-wrapper\">\n\t\t\t\t<div class=\"elementor-cta__bg elementor-bg\" style=\"background-image: url(https:\/\/www.autoturistica.com\/ie\/wp-content\/uploads\/sites\/8\/2022\/03\/hcfwew744z4.jpg);\" role=\"img\" aria-label=\"person using laptop computer\"><\/div>\n\t\t\t\t<div class=\"elementor-cta__bg-overlay\"><\/div>\n\t\t\t<\/div>\n\t\t\t\t\t\t\t<div class=\"elementor-cta__content\">\n\t\t\t\t\n\t\t\t\t\t\t\t\t\t<h3 class=\"elementor-cta__title elementor-cta__content-item elementor-content-item\">\n\t\t\t\t\t\tBLOG ATI\t\t\t\t\t<\/h3>\n\t\t\t\t\n\t\t\t\t\t\t\t\t\t<div class=\"elementor-cta__description elementor-cta__content-item elementor-content-item\">\n\t\t\t\t\t\tConsulta os \u00faltimos artigos, v\u00eddeos e noticias.\t\t\t\t\t<\/div>\n\t\t\t\t\n\t\t\t\t\t\t\t\t\t<div class=\"elementor-cta__button-wrapper elementor-cta__content-item elementor-content-item \">\n\t\t\t\t\t<a class=\"elementor-cta__button elementor-button elementor-size-\" href=\"https:\/\/blogautoturistica.wordpress.com\/\">\n\t\t\t\t\t\tLER ARTIGOS\t\t\t\t\t<\/a>\n\t\t\t\t\t<\/div>\n\t\t\t\t\t\t\t<\/div>\n\t\t\t\t\t\t<\/div>\n\t\t\t\t\t\t<\/div>\n\t\t\t\t<\/div>\n\t\t\t\t\t<\/div>\n\t\t<\/div>\n\t\t\t\t<div class=\"elementor-column elementor-col-33 elementor-top-column elementor-element elementor-element-26e7677\" data-id=\"26e7677\" data-element_type=\"column\">\n\t\t\t<div class=\"elementor-widget-wrap elementor-element-populated\">\n\t\t\t\t\t\t<div class=\"elementor-element elementor-element-3557558 elementor-cta--skin-cover elementor-widget elementor-widget-call-to-action\" data-id=\"3557558\" data-element_type=\"widget\" data-widget_type=\"call-to-action.default\">\n\t\t\t\t<div class=\"elementor-widget-container\">\n\t\t\t\t\t\t\t<div class=\"elementor-cta\">\n\t\t\t\t\t<div class=\"elementor-cta__bg-wrapper\">\n\t\t\t\t<div class=\"elementor-cta__bg elementor-bg\" style=\"background-image: url(https:\/\/www.autoturistica.com\/ie\/wp-content\/uploads\/sites\/8\/2022\/03\/htgdoaaur9c.jpg);\" role=\"img\" aria-label=\"Photo by lou mas\"><\/div>\n\t\t\t\t<div class=\"elementor-cta__bg-overlay\"><\/div>\n\t\t\t<\/div>\n\t\t\t\t\t\t\t<div class=\"elementor-cta__content\">\n\t\t\t\t\n\t\t\t\t\t\t\t\t\t<h3 class=\"elementor-cta__title elementor-cta__content-item elementor-content-item\">\n\t\t\t\t\t\tALUGUER DE COCHES\t\t\t\t\t<\/h3>\n\t\t\t\t\n\t\t\t\t\t\t\t\t\t<div class=\"elementor-cta__description elementor-cta__content-item elementor-content-item\">\n\t\t\t\t\t\tOFERTAS ESPECIAIS\t\t\t\t\t<\/div>\n\t\t\t\t\n\t\t\t\t\t\t\t\t\t<div class=\"elementor-cta__button-wrapper elementor-cta__content-item elementor-content-item \">\n\t\t\t\t\t<a class=\"elementor-cta__button elementor-button elementor-size-\">\n\t\t\t\t\t\tVER OFERTAS\t\t\t\t\t<\/a>\n\t\t\t\t\t<\/div>\n\t\t\t\t\t\t\t<\/div>\n\t\t\t\t\t\t<\/div>\n\t\t\t\t\t\t<\/div>\n\t\t\t\t<\/div>\n\t\t\t\t\t<\/div>\n\t\t<\/div>\n\t\t\t\t<div class=\"elementor-column elementor-col-33 elementor-top-column elementor-element elementor-element-5275c8f\" data-id=\"5275c8f\" data-element_type=\"column\">\n\t\t\t<div class=\"elementor-widget-wrap elementor-element-populated\">\n\t\t\t\t\t\t<div class=\"elementor-element elementor-element-7e227f9 elementor-cta--skin-cover elementor-widget elementor-widget-call-to-action\" data-id=\"7e227f9\" data-element_type=\"widget\" data-widget_type=\"call-to-action.default\">\n\t\t\t\t<div class=\"elementor-widget-container\">\n\t\t\t\t\t\t\t<div class=\"elementor-cta\">\n\t\t\t\t\t<div class=\"elementor-cta__bg-wrapper\">\n\t\t\t\t<div class=\"elementor-cta__bg elementor-bg\" style=\"background-image: url(https:\/\/www.autoturistica.com\/ie\/wp-content\/uploads\/sites\/8\/2022\/03\/2n1scigy5di.jpg);\" role=\"img\" aria-label=\"photography of wing mirror\"><\/div>\n\t\t\t\t<div class=\"elementor-cta__bg-overlay\"><\/div>\n\t\t\t<\/div>\n\t\t\t\t\t\t\t<div class=\"elementor-cta__content\">\n\t\t\t\t\n\t\t\t\t\t\t\t\t\t<h3 class=\"elementor-cta__title elementor-cta__content-item elementor-content-item\">\n\t\t\t\t\t\tPreguntas frecuentes\t\t\t\t\t<\/h3>\n\t\t\t\t\n\t\t\t\t\t\t\t\t\t<div class=\"elementor-cta__description elementor-cta__content-item elementor-content-item\">\n\t\t\t\t\t\tPreguntas que nos fan con frecuencia\t\t\t\t\t<\/div>\n\t\t\t\t\n\t\t\t\t\t\t\t\t\t<div class=\"elementor-cta__button-wrapper elementor-cta__content-item elementor-content-item \">\n\t\t\t\t\t<a class=\"elementor-cta__button elementor-button elementor-size-\" href=\"https:\/\/www.autoturistica.com\/ie\/preguntas-frecuentes\/\">\n\t\t\t\t\t\tVER PREGUNTAS FRECUENTES\t\t\t\t\t<\/a>\n\t\t\t\t\t<\/div>\n\t\t\t\t\t\t\t<\/div>\n\t\t\t\t\t\t<\/div>\n\t\t\t\t\t\t<\/div>\n\t\t\t\t<\/div>\n\t\t\t\t\t<\/div>\n\t\t<\/div>\n\t\t\t\t\t<\/div>\n\t\t<\/section>\n\t\t\t\t<section class=\"elementor-section elementor-top-section elementor-element elementor-element-33dcfaa elementor-section-boxed elementor-section-height-default elementor-section-height-default\" data-id=\"33dcfaa\" data-element_type=\"section\">\n\t\t\t\t\t\t<div class=\"elementor-container elementor-column-gap-default\">\n\t\t\t\t\t<div class=\"elementor-column elementor-col-100 elementor-top-column elementor-element elementor-element-74c8145\" data-id=\"74c8145\" data-element_type=\"column\">\n\t\t\t<div class=\"elementor-widget-wrap elementor-element-populated\">\n\t\t\t\t\t\t<div class=\"elementor-element elementor-element-786f6fd elementor-headline--style-highlight elementor-widget elementor-widget-animated-headline\" data-id=\"786f6fd\" data-element_type=\"widget\" data-settings=\"{&quot;highlighted_text&quot;:&quot;dende 1982&quot;,&quot;headline_style&quot;:&quot;highlight&quot;,&quot;marker&quot;:&quot;circle&quot;,&quot;loop&quot;:&quot;yes&quot;,&quot;highlight_animation_duration&quot;:1200,&quot;highlight_iteration_delay&quot;:8000}\" data-widget_type=\"animated-headline.default\">\n\t\t\t\t<div class=\"elementor-widget-container\">\n\t\t\t\t\t\t\t<h3 class=\"elementor-headline\">\n\t\t\t\t\t<span class=\"elementor-headline-plain-text elementor-headline-text-wrapper\">Atendendo a condutores de toda Europa<\/span>\n\t\t\t\t<span class=\"elementor-headline-dynamic-wrapper elementor-headline-text-wrapper\">\n\t\t\t\t\t<span class=\"elementor-headline-dynamic-text elementor-headline-text-active\">dende 1982<\/span>\n\t\t\t\t<\/span>\n\t\t\t\t<\/h3>\n\t\t\t\t\t\t<\/div>\n\t\t\t\t<\/div>\n\t\t\t\t\t<\/div>\n\t\t<\/div>\n\t\t\t\t\t<\/div>\n\t\t<\/section>\n\t\t\t\t<section class=\"elementor-section elementor-top-section elementor-element elementor-element-2cd38bc elementor-section-boxed elementor-section-height-default elementor-section-height-default\" data-id=\"2cd38bc\" data-element_type=\"section\">\n\t\t\t\t\t\t<div class=\"elementor-container elementor-column-gap-default\">\n\t\t\t\t\t<div class=\"elementor-column elementor-col-100 elementor-top-column elementor-element elementor-element-76d3336\" data-id=\"76d3336\" data-element_type=\"column\">\n\t\t\t<div class=\"elementor-widget-wrap elementor-element-populated\">\n\t\t\t\t\t\t<div class=\"elementor-element elementor-element-6af7bbf elementor-widget elementor-widget-google_maps\" data-id=\"6af7bbf\" data-element_type=\"widget\" data-widget_type=\"google_maps.default\">\n\t\t\t\t<div class=\"elementor-widget-container\">\n\t\t\t\t\t\t\t<div class=\"elementor-custom-embed\">\n\t\t\t<iframe loading=\"lazy\"\n\t\t\t\t\tsrc=\"https:\/\/maps.google.com\/maps?q=calle%20lola%20flores%2016&#038;t=m&#038;z=14&#038;output=embed&#038;iwloc=near\"\n\t\t\t\t\ttitle=\"calle lola flores 16\"\n\t\t\t\t\taria-label=\"calle lola flores 16\"\n\t\t\t><\/iframe>\n\t\t<\/div>\n\t\t\t\t\t\t<\/div>\n\t\t\t\t<\/div>\n\t\t\t\t\t<\/div>\n\t\t<\/div>\n\t\t\t\t\t<\/div>\n\t\t<\/section>\n\t\t\t\t<\/div>\n\t\t","protected":false},"excerpt":{"rendered":"<p>Aluguer de veh\u00edculos &amp; furgonetas BLOG ATI Consulta os \u00faltimos artigos, v\u00eddeos e noticias. LER ARTIGOS ALUGUER DE COCHES OFERTAS&hellip;<\/p>\n","protected":false},"author":7,"featured_media":0,"parent":0,"menu_order":0,"comment_status":"closed","ping_status":"closed","template":"elementor_header_footer","meta":{"_acf_changed":false,"om_disable_all_campaigns":false,"footnotes":""},"class_list":["post-642","page","type-page","status-publish","hentry"],"acf":[],"aioseo_notices":[],"_links":{"self":[{"href":"https:\/\/www.autoturistica.com\/ie\/wp-json\/wp\/v2\/pages\/642","targetHints":{"allow":["GET"]}}],"collection":[{"href":"https:\/\/www.autoturistica.com\/ie\/wp-json\/wp\/v2\/pages"}],"about":[{"href":"https:\/\/www.autoturistica.com\/ie\/wp-json\/wp\/v2\/types\/page"}],"author":[{"embeddable":true,"href":"https:\/\/www.autoturistica.com\/ie\/wp-json\/wp\/v2\/users\/7"}],"replies":[{"embeddable":true,"href":"https:\/\/www.autoturistica.com\/ie\/wp-json\/wp\/v2\/comments?post=642"}],"version-history":[{"count":482,"href":"https:\/\/www.autoturistica.com\/ie\/wp-json\/wp\/v2\/pages\/642\/revisions"}],"predecessor-version":[{"id":6905,"href":"https:\/\/www.autoturistica.com\/ie\/wp-json\/wp\/v2\/pages\/642\/revisions\/6905"}],"wp:attachment":[{"href":"https:\/\/www.autoturistica.com\/ie\/wp-json\/wp\/v2\/media?parent=642"}],"curies":[{"name":"wp","href":"https:\/\/api.w.org\/{rel}","templated":true}]}}